{"id":203,"date":"2011-09-14T09:45:02","date_gmt":"2011-09-14T09:45:02","guid":{"rendered":"http:\/\/www.tec-lider.com\/site\/"},"modified":"2020-11-08T17:42:08","modified_gmt":"2020-11-08T17:42:08","slug":"home","status":"publish","type":"page","link":"https:\/\/www.logismart.pt\/site\/","title":{"rendered":"Home"},"content":{"rendered":"<div class=\"row \">\n<div class=\"span3 \"><section class=\"lazy-load-box trigger effect-zoomin \" data-delay=\"200\" data-speed=\"600\" style=\"-webkit-transition: all 600ms ease; -moz-transition: all 600ms ease; -ms-transition: all 600ms ease; -o-transition: all 600ms ease; transition: all 600ms ease;\">\n<div class=\"service-box \"><figure class=\"icon icon1\"><i class=\"fa fa-hdd-o\"><\/i><\/figure><div class=\"service-box_body\"><h2 class=\"title\">Hardware<\/h2><h5 class=\"sub-title\">Venda e repara\u00e7\u00e3o<\/h5><div class=\"service-box_txt\">Dispomos de uma ampla variadade de conceituadas marcas de forma a construirmos a solu\u00e7\u00e3o ideal para o seu caso. Tamb\u00e9m fazemos repara\u00e7\u00e3o e manuten\u00e7\u00e3o.<\/div><div class=\"btn-align\"><a href=\"http:\/\/www.logismart.pt\/site\/\" title=\"Ler mais...\" class=\"btn btn-inverse btn-normal btn-primary \" target=\"_self\">Ler mais...<\/a><\/div><\/div><\/div><!-- \/Service Box -->\n<\/section><\/div>\n<div class=\"span3 \"><section class=\"lazy-load-box trigger effect-zoomin \" data-delay=\"400\" data-speed=\"600\" style=\"-webkit-transition: all 600ms ease; -moz-transition: all 600ms ease; -ms-transition: all 600ms ease; -o-transition: all 600ms ease; transition: all 600ms ease;\">\n<div class=\"service-box \"><figure class=\"icon icon2\"><i class=\"fa fa-cloud\"><\/i><\/figure><div class=\"service-box_body\"><h2 class=\"title\">web<\/h2><h5 class=\"sub-title\">Dominios e alojamento<\/h5><div class=\"service-box_txt\">Servidores em datacenter europeu com Uptime 99.9%<\/div><div class=\"btn-align\"><a href=\"http:\/\/www.logismart.pt\/site\/\" title=\"Ler mais...\" class=\"btn btn-inverse btn-normal btn-primary \" target=\"_self\">Ler mais...<\/a><\/div><\/div><\/div><!-- \/Service Box -->\n<\/section><\/div>\n<\/div><!-- .row (end) -->\n<div class=\"content_box style-1 \">\n<section class=\"lazy-load-box trigger effect-slidefromleft \" data-delay=\"0\" data-speed=\"600\" style=\"-webkit-transition: all 600ms ease; -moz-transition: all 600ms ease; -ms-transition: all 600ms ease; -o-transition: all 600ms ease; transition: all 600ms ease;\">\n<div class=\"hero-unit \"><h1><strong>Uma mudan\u00e7a<\/strong> para o servir melhor!<\/h1><p>A partir de Janeiro de 2015 a actividade da Tec. Lider passa a operar sob o nome LogiSmart - Servi\u00e7os e Produtos Inform\u00e1ticos, Lda. Continuamos a desempenhar o mesmo trabalho, com a mesma equipa, no entanto, iremos intensificar os nossos esfor\u00e7os para apresentar v\u00e1rias novidades aos nossos clientes. <\/p><\/div><!-- .hero-unit (end) -->\n<\/section>\n<div class=\"clear\"><\/div><\/div><!-- .content_box (end) -->\n<div class=\"row \">\n<div class=\"span6 \"><h2><span style=\"color: #3498db;\">Ultimas not\u00edcias<\/span><\/h2>\n<section class=\"lazy-load-box trigger effect-slidefromleft \" data-delay=\"0\" data-speed=\"600\" style=\"-webkit-transition: all 600ms ease; -moz-transition: all 600ms ease; -ms-transition: all 600ms ease; -o-transition: all 600ms ease; transition: all 600ms ease;\">\n<ul class=\"posts-grid row-fluid unstyled  ul-item-0\"><li class=\"span6 list-item-1\"><div class=\"clear\"><\/div><div class=\"post_meta\"><span class=\"post_date\"><time datetime=\"2018-05-23T11:32:14\">23<small>Mai<\/small><\/time><\/span><\/div><h5><a href=\"https:\/\/www.logismart.pt\/site\/geral\/a-logismart-e-o-rgpd\/\" title=\"A LogiSmart e o RGPD\">A LogiSmart e o RGPD<\/a><\/h5><p class=\"excerpt\">Informa\u00e7\u00e3o pertinente aos nossos clientes sobre o que fazemos para cumprir com o RGPD. Consulte aqui o documento explicativo que preparamos. Pode... <\/p><\/li><li class=\"span6 list-item-2\"><div class=\"clear\"><\/div><div class=\"post_meta\"><span class=\"post_date\"><time datetime=\"2018-04-04T15:39:02\">04<small>Abr<\/small><\/time><\/span><\/div><h5><a href=\"https:\/\/www.logismart.pt\/site\/geral\/rgpd-regulamento-geral-de-protecao-de-dados\/\" title=\"RGPD &#8211; Regulamento Geral de Prote\u00e7\u00e3o de Dados\">RGPD &#8211; Regulamento Geral de Prote\u00e7\u00e3o de Dados<\/a><\/h5><p class=\"excerpt\">Proposta de Lei n.\u00ba 120\/XIII... <\/p><\/li><\/ul><!-- .posts-grid (end) -->\n<\/section><\/div>\n<div class=\"span6 \"><h2>Os nossos servi\u00e7os<\/h2>\n<section class=\"lazy-load-box trigger effect-slidefromright \" data-delay=\"0\" data-speed=\"600\" style=\"-webkit-transition: all 600ms ease; -moz-transition: all 600ms ease; -ms-transition: all 600ms ease; -o-transition: all 600ms ease; transition: all 600ms ease;\">\n<h3>Dispomos de uma ampla variadade de servi\u00e7os relacionados com a inform\u00e1tica<\/h3>\n<div class=\"row \">\n<div class=\"span3 \"><div class=\"list styled arrow-list\">\n<ul>\n<li>Manuten\u00e7\u00e3o PCs<\/li>\n<li>Repara\u00e7\u00e3o hardware<\/li>\n<li>Venda de material inform\u00e1tico<\/li>\n<li>Instala\u00e7\u00e3o redes<\/li>\n<\/ul>\n<\/div><\/div>\n<div class=\"span3 \"><div class=\"list styled arrow-list\">\n<ul>\n<li>Registo de dominios<\/li>\n<li>Alojamento Web<\/li>\n<li>Gest\u00e3o servidores Win\/Linux<\/li>\n<\/ul>\n<\/div><\/div>\n<\/div> <!-- .row (end) -->\n<\/section><\/div>\n<\/div><!-- .row (end) -->\n<div class=\"content_box style-2 \">\n<h2>Sobre n\u00f3s<\/h2>\n<div class=\"row \">\n<div class=\"span4 \"><section class=\"lazy-load-box trigger effect-slidefromleft \" data-delay=\"0\" data-speed=\"600\" style=\"-webkit-transition: all 600ms ease; -moz-transition: all 600ms ease; -ms-transition: all 600ms ease; -o-transition: all 600ms ease; transition: all 600ms ease;\"><img loading=\"lazy\" decoding=\"async\" class=\"alignnone size-full wp-image-1970\" src=\"https:\/\/www.logismart.pt\/site\/wp-content\/uploads\/2014\/12\/page1-img1.jpg\" alt=\"page1-img1\" width=\"369\" height=\"202\" srcset=\"https:\/\/www.logismart.pt\/site\/wp-content\/uploads\/2014\/12\/page1-img1.jpg 369w, https:\/\/www.logismart.pt\/site\/wp-content\/uploads\/2014\/12\/page1-img1-300x164.jpg 300w\" sizes=\"auto, (max-width: 369px) 100vw, 369px\" \/><\/section><\/div>\n<div class=\"span8 \"><section class=\"lazy-load-box trigger effect-slidefromright \" data-delay=\"0\" data-speed=\"600\" style=\"-webkit-transition: all 600ms ease; -moz-transition: all 600ms ease; -ms-transition: all 600ms ease; -o-transition: all 600ms ease; transition: all 600ms ease;\">\n<h3>Somos uma equipa jovem e din\u00e2mica na area das novas tecnologias<\/h3>\n<p>Dispomos de profissionais na area com mais de 15 anos de experiencia tanto em hardware, programa\u00e7\u00e3o, assistencia a software, manuten\u00e7\u00e3o de servidores e redes inform\u00e1ticas.<\/p>\n<\/section><\/div>\n<\/div><!-- .row (end) -->\n<div class=\"clear\"><\/div><\/div><!-- .content_box (end) -->\n","protected":false},"excerpt":{"rendered":"","protected":false},"author":23,"featured_media":0,"parent":0,"menu_order":0,"comment_status":"open","ping_status":"closed","template":"page-home.php","meta":{"footnotes":""},"class_list":["post-203","page","type-page","status-publish","hentry","cat-39-id"],"_links":{"self":[{"href":"https:\/\/www.logismart.pt\/site\/wp-json\/wp\/v2\/pages\/203","targetHints":{"allow":["GET"]}}],"collection":[{"href":"https:\/\/www.logismart.pt\/site\/wp-json\/wp\/v2\/pages"}],"about":[{"href":"https:\/\/www.logismart.pt\/site\/wp-json\/wp\/v2\/types\/page"}],"author":[{"embeddable":true,"href":"https:\/\/www.logismart.pt\/site\/wp-json\/wp\/v2\/users\/23"}],"replies":[{"embeddable":true,"href":"https:\/\/www.logismart.pt\/site\/wp-json\/wp\/v2\/comments?post=203"}],"version-history":[{"count":17,"href":"https:\/\/www.logismart.pt\/site\/wp-json\/wp\/v2\/pages\/203\/revisions"}],"predecessor-version":[{"id":2407,"href":"https:\/\/www.logismart.pt\/site\/wp-json\/wp\/v2\/pages\/203\/revisions\/2407"}],"wp:attachment":[{"href":"https:\/\/www.logismart.pt\/site\/wp-json\/wp\/v2\/media?parent=203"}],"curies":[{"name":"wp","href":"https:\/\/api.w.org\/{rel}","templated":true}]}}