{"id":2069,"date":"2014-12-25T22:40:49","date_gmt":"2014-12-25T22:40:49","guid":{"rendered":"http:\/\/www.tec-lider.com\/site\/?page_id=2069"},"modified":"2014-12-27T11:07:26","modified_gmt":"2014-12-27T11:07:26","slug":"registo-dominios","status":"publish","type":"page","link":"https:\/\/www.logismart.pt\/site\/produtos\/registo-dominios\/","title":{"rendered":"Registo dom\u00ednios"},"content":{"rendered":"<p>Artigo em constru\u00e7\u00e3o<\/p>\n","protected":false},"excerpt":{"rendered":"<p>Artigo em constru\u00e7\u00e3o<\/p>\n","protected":false},"author":23,"featured_media":0,"parent":2071,"menu_order":2,"comment_status":"open","ping_status":"closed","template":"page-fullwidth.php","meta":{"footnotes":""},"class_list":["post-2069","page","type-page","status-publish","hentry"],"_links":{"self":[{"href":"https:\/\/www.logismart.pt\/site\/wp-json\/wp\/v2\/pages\/2069","targetHints":{"allow":["GET"]}}],"collection":[{"href":"https:\/\/www.logismart.pt\/site\/wp-json\/wp\/v2\/pages"}],"about":[{"href":"https:\/\/www.logismart.pt\/site\/wp-json\/wp\/v2\/types\/page"}],"author":[{"embeddable":true,"href":"https:\/\/www.logismart.pt\/site\/wp-json\/wp\/v2\/users\/23"}],"replies":[{"embeddable":true,"href":"https:\/\/www.logismart.pt\/site\/wp-json\/wp\/v2\/comments?post=2069"}],"version-history":[{"count":3,"href":"https:\/\/www.logismart.pt\/site\/wp-json\/wp\/v2\/pages\/2069\/revisions"}],"predecessor-version":[{"id":2190,"href":"https:\/\/www.logismart.pt\/site\/wp-json\/wp\/v2\/pages\/2069\/revisions\/2190"}],"up":[{"embeddable":true,"href":"https:\/\/www.logismart.pt\/site\/wp-json\/wp\/v2\/pages\/2071"}],"wp:attachment":[{"href":"https:\/\/www.logismart.pt\/site\/wp-json\/wp\/v2\/media?parent=2069"}],"curies":[{"name":"wp","href":"https:\/\/api.w.org\/{rel}","templated":true}]}}