{"id":9,"date":"2011-07-14T19:46:13","date_gmt":"2011-07-14T19:46:13","guid":{"rendered":"http:\/\/www.tec-lider.com\/site\/portfolio\/"},"modified":"2014-12-27T11:06:29","modified_gmt":"2014-12-27T11:06:29","slug":"servicos","status":"publish","type":"page","link":"https:\/\/www.logismart.pt\/site\/servicos\/","title":{"rendered":"Servi\u00e7os"},"content":{"rendered":"<p>Artigo em constru\u00e7\u00e3o<\/p>\n","protected":false},"excerpt":{"rendered":"<p>Artigo em constru\u00e7\u00e3o<\/p>\n","protected":false},"author":23,"featured_media":0,"parent":0,"menu_order":2,"comment_status":"open","ping_status":"closed","template":"page-fullwidth.php","meta":{"footnotes":""},"class_list":["post-9","page","type-page","status-publish","hentry"],"_links":{"self":[{"href":"https:\/\/www.logismart.pt\/site\/wp-json\/wp\/v2\/pages\/9","targetHints":{"allow":["GET"]}}],"collection":[{"href":"https:\/\/www.logismart.pt\/site\/wp-json\/wp\/v2\/pages"}],"about":[{"href":"https:\/\/www.logismart.pt\/site\/wp-json\/wp\/v2\/types\/page"}],"author":[{"embeddable":true,"href":"https:\/\/www.logismart.pt\/site\/wp-json\/wp\/v2\/users\/23"}],"replies":[{"embeddable":true,"href":"https:\/\/www.logismart.pt\/site\/wp-json\/wp\/v2\/comments?post=9"}],"version-history":[{"count":3,"href":"https:\/\/www.logismart.pt\/site\/wp-json\/wp\/v2\/pages\/9\/revisions"}],"predecessor-version":[{"id":2188,"href":"https:\/\/www.logismart.pt\/site\/wp-json\/wp\/v2\/pages\/9\/revisions\/2188"}],"wp:attachment":[{"href":"https:\/\/www.logismart.pt\/site\/wp-json\/wp\/v2\/media?parent=9"}],"curies":[{"name":"wp","href":"https:\/\/api.w.org\/{rel}","templated":true}]}}